{"id":231,"date":"2021-08-09T18:12:28","date_gmt":"2021-08-09T18:12:28","guid":{"rendered":"https:\/\/difconcept.com\/?page_id=231"},"modified":"2026-02-01T17:02:24","modified_gmt":"2026-02-01T17:02:24","slug":"about","status":"publish","type":"page","link":"https:\/\/slvfrr.live-website.com\/es\/about","title":{"rendered":"ACERCA DE"},"content":{"rendered":"<div data-elementor-type=\"wp-page\" data-elementor-id=\"231\" class=\"elementor elementor-231\">\n\t\t\t\t\t\t<section class=\"elementor-section elementor-top-section elementor-element elementor-element-2be0631 elementor-section-height-min-height elementor-section-boxed elementor-section-height-default elementor-section-items-middle\" data-id=\"2be0631\" data-element_type=\"section\" data-e-type=\"section\">\n\t\t\t\t\t\t<div class=\"elementor-container elementor-column-gap-default\">\n\t\t\t\t\t<div class=\"elementor-column elementor-col-100 elementor-top-column elementor-element elementor-element-12a6b00\" data-id=\"12a6b00\" data-element_type=\"column\" data-e-type=\"column\">\n\t\t\t<div class=\"elementor-widget-wrap elementor-element-populated\">\n\t\t\t\t\t\t<div class=\"elementor-element elementor-element-bbad270 elementor-widget elementor-widget-text-editor\" data-id=\"bbad270\" data-element_type=\"widget\" data-e-type=\"widget\" data-widget_type=\"text-editor.default\">\n\t\t\t\t<div class=\"elementor-widget-container\">\n\t\t\t\t\t        <div class=\"elementor-text-editor elementor-clearfix\"><p><span style=\"font-weight: 400;\">Con una trayectoria multidisciplinar, la artista visual Silvia Ferrer (1995) lleva su distintiva visi\u00f3n a la moda con <strong>SLV FRR<\/strong>. Hereda del archivo DiF un gusto por la ropa casual sofisticada, con cortes femeninos y la b\u00fasqueda de una sutil disrupci\u00f3n.<\/span><\/p><p><span style=\"font-weight: 400;\">En su nuevo enfoque, defiende la aut\u00e9ntica singularidad, con una visi\u00f3n m\u00e1s introspectiva. Abrazando las contradicciones, explora a trav\u00e9s de la ropa lo que significa ser una misma hoy en d\u00eda.<\/span><\/p><p><span style=\"font-weight: 400;\">Sobria y mareada, pura y contundente, usable y escandalosa. SLV FRR es individual, compleja, Libra, cruda, elevada, rom\u00e1ntica, desesperada, delicada, club, cama, nost\u00e1lgica, impaciente, internet y manuscritos.<\/span><\/p><\/div>\n        \t\t\t\t<\/div>\n\t\t\t\t<\/div>\n\t\t\t\t\t<\/div>\n\t\t<\/div>\n\t\t\t\t\t<\/div>\n\t\t<\/section>\n\t\t\t\t<\/div>","protected":false},"excerpt":{"rendered":"<p>Nourished by a multidisciplinary background, the visual artist Silvia Ferrer (1995) takes her distinctive vision into fashion with SLV FRR. She inherits from the DiF archive a taste for elevated casualwear, with feminine fits and a search for subtle disruption. In her new approach, she stands for real uniqueness, a more introspective one. Embracing contradictions, &hellip; <\/p>\n<p class=\"link-more\"><a href=\"https:\/\/slvfrr.live-website.com\/es\/about\" class=\"more-link\">Read More <span class=\"screen-reader-text\"> &#8220;ABOUT&#8221;<\/span><\/a><\/p>","protected":false},"author":1,"featured_media":0,"parent":0,"menu_order":0,"comment_status":"closed","ping_status":"closed","template":"elementor_header_footer","meta":{"inline_featured_image":false,"footnotes":""},"class_list":["post-231","page","type-page","status-publish","hentry"],"jetpack_sharing_enabled":true,"_links":{"self":[{"href":"https:\/\/slvfrr.live-website.com\/es\/wp-json\/wp\/v2\/pages\/231","targetHints":{"allow":["GET"]}}],"collection":[{"href":"https:\/\/slvfrr.live-website.com\/es\/wp-json\/wp\/v2\/pages"}],"about":[{"href":"https:\/\/slvfrr.live-website.com\/es\/wp-json\/wp\/v2\/types\/page"}],"author":[{"embeddable":true,"href":"https:\/\/slvfrr.live-website.com\/es\/wp-json\/wp\/v2\/users\/1"}],"replies":[{"embeddable":true,"href":"https:\/\/slvfrr.live-website.com\/es\/wp-json\/wp\/v2\/comments?post=231"}],"version-history":[{"count":30,"href":"https:\/\/slvfrr.live-website.com\/es\/wp-json\/wp\/v2\/pages\/231\/revisions"}],"predecessor-version":[{"id":3477,"href":"https:\/\/slvfrr.live-website.com\/es\/wp-json\/wp\/v2\/pages\/231\/revisions\/3477"}],"wp:attachment":[{"href":"https:\/\/slvfrr.live-website.com\/es\/wp-json\/wp\/v2\/media?parent=231"}],"curies":[{"name":"wp","href":"https:\/\/api.w.org\/{rel}","templated":true}]}}