{"id":3160,"date":"2025-11-16T21:01:12","date_gmt":"2025-11-16T21:01:12","guid":{"rendered":"https:\/\/slvfrr.com\/?page_id=3160"},"modified":"2025-11-16T21:10:28","modified_gmt":"2025-11-16T21:10:28","slug":"revenge-t-shirts","status":"publish","type":"page","link":"https:\/\/slvfrr.live-website.com\/es\/revenge-t-shirts","title":{"rendered":"Revenge T-shirts"},"content":{"rendered":"<div data-elementor-type=\"wp-page\" data-elementor-id=\"3160\" class=\"elementor elementor-3160\">\n\t\t\t\t\t\t<section class=\"elementor-section elementor-top-section elementor-element elementor-element-62f2096 elementor-section-full_width elementor-section-height-default elementor-section-height-default\" data-id=\"62f2096\" data-element_type=\"section\" data-e-type=\"section\">\n\t\t\t\t\t\t<div class=\"elementor-container elementor-column-gap-no\">\n\t\t\t\t\t<div class=\"elementor-column elementor-col-100 elementor-top-column elementor-element elementor-element-dd0fd8a\" data-id=\"dd0fd8a\" data-element_type=\"column\" data-e-type=\"column\">\n\t\t\t<div class=\"elementor-widget-wrap elementor-element-populated\">\n\t\t\t\t\t\t<div class=\"elementor-element elementor-element-c3262af elementor-widget elementor-widget-opal-products\" data-id=\"c3262af\" data-element_type=\"widget\" data-e-type=\"widget\" data-widget_type=\"opal-products.default\">\n\t\t\t\t<div class=\"elementor-widget-container\">\n\t\t\t\t\t<div class=\"woocommerce columns-3\"><ul class=\"products columns-3\">\n<li class=\"product type-product post-3149 status-publish first instock product_cat-revenge-t-shirts product_cat-tops has-post-thumbnail taxable shipping-taxable purchasable product-type-variable\">\n\t<div class=\"product-block\"><div class=\"product-transition\"><div class=\"product-img-wrap none\">\n    <div class=\"inner\">\n        <div class=\"product-image\"><img fetchpriority=\"high\" decoding=\"async\" width=\"1829\" height=\"2560\" src=\"https:\/\/slvfrr.live-website.com\/wp-content\/uploads\/2025\/11\/SLV-FRR-Over-T-shirt-01-scaled.jpg\" class=\"attachment-woocommerce_thumbnail size-woocommerce_thumbnail\" alt=\"Over T-shirt\" \/><\/div><div class=\"product-image second-image\"><img decoding=\"async\" width=\"1622\" height=\"2272\" src=\"https:\/\/slvfrr.live-website.com\/wp-content\/uploads\/2025\/11\/SLV-FRR-Over-T-shirt-02.jpg\" class=\"attachment-woocommerce_thumbnail size-woocommerce_thumbnail\" alt=\"\" \/><\/div>\n    <\/div>\n<\/div>\n<div\n\tclass=\"yith-wcwl-add-to-wishlist add-to-wishlist-3149 yith-wcwl-add-to-wishlist--link-style wishlist-fragment on-first-load\"\n\tdata-fragment-ref=\"3149\"\n\tdata-fragment-options=\"{&quot;base_url&quot;:&quot;&quot;,&quot;product_id&quot;:3149,&quot;parent_product_id&quot;:0,&quot;product_type&quot;:&quot;variable&quot;,&quot;is_single&quot;:false,&quot;in_default_wishlist&quot;:false,&quot;show_view&quot;:false,&quot;browse_wishlist_text&quot;:&quot;Explorar la lista de deseos&quot;,&quot;already_in_wishslist_text&quot;:&quot;\\u00a1El producto ya est\\u00e1 en tu lista de deseos!&quot;,&quot;product_added_text&quot;:&quot;\\u00a1Producto a\\u00f1adido!&quot;,&quot;available_multi_wishlist&quot;:false,&quot;disable_wishlist&quot;:false,&quot;show_count&quot;:false,&quot;ajax_loading&quot;:false,&quot;loop_position&quot;:&quot;after_add_to_cart&quot;,&quot;item&quot;:&quot;add_to_wishlist&quot;}\"\n>\n\t\t\t\n\t\t\t<!-- ADD TO WISHLIST -->\n\t\t\t\n<div class=\"yith-wcwl-add-button\">\n\t\t<a\n\t\thref=\"?add_to_wishlist=3149&#038;_wpnonce=05b9d08c70\"\n\t\tclass=\"add_to_wishlist single_add_to_wishlist\"\n\t\tdata-product-id=\"3149\"\n\t\tdata-product-type=\"variable\"\n\t\tdata-original-product-id=\"0\"\n\t\tdata-title=\"A\u00f1adir a la lista de deseos\"\n\t\trel=\"nofollow\"\n\t>\n\t\t<svg id=\"yith-wcwl-icon-heart-outline\" class=\"yith-wcwl-icon-svg\" fill=\"none\" stroke-width=\"1.5\" stroke=\"currentColor\" viewbox=\"0 0 24 24\" xmlns=\"http:\/\/www.w3.org\/2000\/svg\">\n  <path stroke-linecap=\"round\" stroke-linejoin=\"round\" d=\"M21 8.25c0-2.485-2.099-4.5-4.688-4.5-1.935 0-3.597 1.126-4.312 2.733-.715-1.607-2.377-2.733-4.313-2.733C5.1 3.75 3 5.765 3 8.25c0 7.22 9 12 9 12s9-4.78 9-12Z\"><\/path>\n<\/svg>\t\t<span>A\u00f1adir a la lista de deseos<\/span>\n\t<\/a>\n<\/div>\n\n\t\t\t<!-- COUNT TEXT -->\n\t\t\t\n\t\t\t<\/div>\n<div class=\"group-action\"><div class=\"shop-action\"><a href=\"#\" class=\"button yith-wcqv-button\" data-product_id=\"3149\">Vista r\u00e1pida<\/a><div class=\"opal-add-to-cart-button\"><a href=\"https:\/\/slvfrr.live-website.com\/es\/producto\/over-t-shirt\" aria-describedby=\"woocommerce_loop_add_to_cart_link_describedby_3149\" data-quantity=\"1\" class=\"button product_type_variable add_to_cart_button\" data-product_id=\"3149\" data-product_sku=\"\" aria-label=\"Elige las opciones para \u201cOver T-shirt\u201d\" rel=\"nofollow\" data-no-translation=\"\" data-trp-gettext=\"\" data-no-translation-aria-label=\"\">Seleccionar opciones<\/a><\/div>\t<span id=\"woocommerce_loop_add_to_cart_link_describedby_3149\" class=\"screen-reader-text\">\n\t\tEste producto tiene m\u00faltiples variantes. Las opciones se pueden elegir en la p\u00e1gina de producto\t<\/span>\n<\/div><\/div><a href=\"https:\/\/slvfrr.live-website.com\/es\/producto\/over-t-shirt\" class=\"woocommerce-LoopProduct-link woocommerce-loop-product__link\"><\/a><\/div><div class=\"caption\"><h3 class=\"woocommerce-loop-product__title\"><a href=\"https:\/\/slvfrr.live-website.com\/es\/producto\/over-t-shirt\">Over T-shirt<\/a><\/h3>\n\t<span class=\"price\"><span class=\"woocommerce-Price-amount amount\"><bdi>75,00<span class=\"woocommerce-Price-currencySymbol\">\u20ac<\/span><\/bdi><\/span><\/span>\n<\/div><\/div><\/li>\n<li class=\"product type-product post-3140 status-publish instock product_cat-revenge-t-shirts product_cat-tops has-post-thumbnail taxable shipping-taxable purchasable product-type-variable\">\n\t<div class=\"product-block\"><div class=\"product-transition\"><div class=\"product-img-wrap none\">\n    <div class=\"inner\">\n        <div class=\"product-image\"><img decoding=\"async\" width=\"1829\" height=\"2560\" src=\"https:\/\/slvfrr.live-website.com\/wp-content\/uploads\/2025\/11\/SLV-FRR-Dog-T-shirt-01-scaled.jpg\" class=\"attachment-woocommerce_thumbnail size-woocommerce_thumbnail\" alt=\"Greyhound T-shirt\" \/><\/div><div class=\"product-image second-image\"><img loading=\"lazy\" decoding=\"async\" width=\"1829\" height=\"2560\" src=\"https:\/\/slvfrr.live-website.com\/wp-content\/uploads\/2025\/11\/SLV-FRR-Dog-T-shirt-02-scaled.jpg\" class=\"attachment-woocommerce_thumbnail size-woocommerce_thumbnail\" alt=\"\" \/><\/div>\n    <\/div>\n<\/div>\n<div\n\tclass=\"yith-wcwl-add-to-wishlist add-to-wishlist-3140 yith-wcwl-add-to-wishlist--link-style wishlist-fragment on-first-load\"\n\tdata-fragment-ref=\"3140\"\n\tdata-fragment-options=\"{&quot;base_url&quot;:&quot;&quot;,&quot;product_id&quot;:3140,&quot;parent_product_id&quot;:0,&quot;product_type&quot;:&quot;variable&quot;,&quot;is_single&quot;:false,&quot;in_default_wishlist&quot;:false,&quot;show_view&quot;:false,&quot;browse_wishlist_text&quot;:&quot;Explorar la lista de deseos&quot;,&quot;already_in_wishslist_text&quot;:&quot;\\u00a1El producto ya est\\u00e1 en tu lista de deseos!&quot;,&quot;product_added_text&quot;:&quot;\\u00a1Producto a\\u00f1adido!&quot;,&quot;available_multi_wishlist&quot;:false,&quot;disable_wishlist&quot;:false,&quot;show_count&quot;:false,&quot;ajax_loading&quot;:false,&quot;loop_position&quot;:&quot;after_add_to_cart&quot;,&quot;item&quot;:&quot;add_to_wishlist&quot;}\"\n>\n\t\t\t\n\t\t\t<!-- ADD TO WISHLIST -->\n\t\t\t\n<div class=\"yith-wcwl-add-button\">\n\t\t<a\n\t\thref=\"?add_to_wishlist=3140&#038;_wpnonce=05b9d08c70\"\n\t\tclass=\"add_to_wishlist single_add_to_wishlist\"\n\t\tdata-product-id=\"3140\"\n\t\tdata-product-type=\"variable\"\n\t\tdata-original-product-id=\"0\"\n\t\tdata-title=\"A\u00f1adir a la lista de deseos\"\n\t\trel=\"nofollow\"\n\t>\n\t\t<svg id=\"yith-wcwl-icon-heart-outline\" class=\"yith-wcwl-icon-svg\" fill=\"none\" stroke-width=\"1.5\" stroke=\"currentColor\" viewbox=\"0 0 24 24\" xmlns=\"http:\/\/www.w3.org\/2000\/svg\">\n  <path stroke-linecap=\"round\" stroke-linejoin=\"round\" d=\"M21 8.25c0-2.485-2.099-4.5-4.688-4.5-1.935 0-3.597 1.126-4.312 2.733-.715-1.607-2.377-2.733-4.313-2.733C5.1 3.75 3 5.765 3 8.25c0 7.22 9 12 9 12s9-4.78 9-12Z\"><\/path>\n<\/svg>\t\t<span>A\u00f1adir a la lista de deseos<\/span>\n\t<\/a>\n<\/div>\n\n\t\t\t<!-- COUNT TEXT -->\n\t\t\t\n\t\t\t<\/div>\n<div class=\"group-action\"><div class=\"shop-action\"><a href=\"#\" class=\"button yith-wcqv-button\" data-product_id=\"3140\">Vista r\u00e1pida<\/a><div class=\"opal-add-to-cart-button\"><a href=\"https:\/\/slvfrr.live-website.com\/es\/producto\/greyhound-t-shirt\" aria-describedby=\"woocommerce_loop_add_to_cart_link_describedby_3140\" data-quantity=\"1\" class=\"button product_type_variable add_to_cart_button\" data-product_id=\"3140\" data-product_sku=\"\" aria-label=\"Elige las opciones para \u201cGreyhound T-shirt\u201d\" rel=\"nofollow\" data-no-translation=\"\" data-trp-gettext=\"\" data-no-translation-aria-label=\"\">Seleccionar opciones<\/a><\/div>\t<span id=\"woocommerce_loop_add_to_cart_link_describedby_3140\" class=\"screen-reader-text\">\n\t\tEste producto tiene m\u00faltiples variantes. Las opciones se pueden elegir en la p\u00e1gina de producto\t<\/span>\n<\/div><\/div><a href=\"https:\/\/slvfrr.live-website.com\/es\/producto\/greyhound-t-shirt\" class=\"woocommerce-LoopProduct-link woocommerce-loop-product__link\"><\/a><\/div><div class=\"caption\"><h3 class=\"woocommerce-loop-product__title\"><a href=\"https:\/\/slvfrr.live-website.com\/es\/producto\/greyhound-t-shirt\">Greyhound T-shirt<\/a><\/h3>\n\t<span class=\"price\"><span class=\"woocommerce-Price-amount amount\"><bdi>65,00<span class=\"woocommerce-Price-currencySymbol\">\u20ac<\/span><\/bdi><\/span><\/span>\n<\/div><\/div><\/li>\n<li class=\"product type-product post-3131 status-publish last instock product_cat-revenge-t-shirts product_cat-tops has-post-thumbnail taxable shipping-taxable purchasable product-type-variable\">\n\t<div class=\"product-block\"><div class=\"product-transition\"><div class=\"product-img-wrap none\">\n    <div class=\"inner\">\n        <div class=\"product-image\"><img loading=\"lazy\" decoding=\"async\" width=\"1829\" height=\"2560\" src=\"https:\/\/slvfrr.live-website.com\/wp-content\/uploads\/2025\/11\/SLV-FRR-Low-Rise-T-shirt-01-scaled.jpg\" class=\"attachment-woocommerce_thumbnail size-woocommerce_thumbnail\" alt=\"Low rise T-shirt\" \/><\/div><div class=\"product-image second-image\"><img loading=\"lazy\" decoding=\"async\" width=\"2560\" height=\"1829\" src=\"https:\/\/slvfrr.live-website.com\/wp-content\/uploads\/2025\/11\/SLV-FRR-Low-Rise-T-shirt-02-scaled.jpg\" class=\"attachment-woocommerce_thumbnail size-woocommerce_thumbnail\" alt=\"\" \/><\/div>\n    <\/div>\n<\/div>\n<div\n\tclass=\"yith-wcwl-add-to-wishlist add-to-wishlist-3131 yith-wcwl-add-to-wishlist--link-style wishlist-fragment on-first-load\"\n\tdata-fragment-ref=\"3131\"\n\tdata-fragment-options=\"{&quot;base_url&quot;:&quot;&quot;,&quot;product_id&quot;:3131,&quot;parent_product_id&quot;:0,&quot;product_type&quot;:&quot;variable&quot;,&quot;is_single&quot;:false,&quot;in_default_wishlist&quot;:false,&quot;show_view&quot;:false,&quot;browse_wishlist_text&quot;:&quot;Explorar la lista de deseos&quot;,&quot;already_in_wishslist_text&quot;:&quot;\\u00a1El producto ya est\\u00e1 en tu lista de deseos!&quot;,&quot;product_added_text&quot;:&quot;\\u00a1Producto a\\u00f1adido!&quot;,&quot;available_multi_wishlist&quot;:false,&quot;disable_wishlist&quot;:false,&quot;show_count&quot;:false,&quot;ajax_loading&quot;:false,&quot;loop_position&quot;:&quot;after_add_to_cart&quot;,&quot;item&quot;:&quot;add_to_wishlist&quot;}\"\n>\n\t\t\t\n\t\t\t<!-- ADD TO WISHLIST -->\n\t\t\t\n<div class=\"yith-wcwl-add-button\">\n\t\t<a\n\t\thref=\"?add_to_wishlist=3131&#038;_wpnonce=05b9d08c70\"\n\t\tclass=\"add_to_wishlist single_add_to_wishlist\"\n\t\tdata-product-id=\"3131\"\n\t\tdata-product-type=\"variable\"\n\t\tdata-original-product-id=\"0\"\n\t\tdata-title=\"A\u00f1adir a la lista de deseos\"\n\t\trel=\"nofollow\"\n\t>\n\t\t<svg id=\"yith-wcwl-icon-heart-outline\" class=\"yith-wcwl-icon-svg\" fill=\"none\" stroke-width=\"1.5\" stroke=\"currentColor\" viewbox=\"0 0 24 24\" xmlns=\"http:\/\/www.w3.org\/2000\/svg\">\n  <path stroke-linecap=\"round\" stroke-linejoin=\"round\" d=\"M21 8.25c0-2.485-2.099-4.5-4.688-4.5-1.935 0-3.597 1.126-4.312 2.733-.715-1.607-2.377-2.733-4.313-2.733C5.1 3.75 3 5.765 3 8.25c0 7.22 9 12 9 12s9-4.78 9-12Z\"><\/path>\n<\/svg>\t\t<span>A\u00f1adir a la lista de deseos<\/span>\n\t<\/a>\n<\/div>\n\n\t\t\t<!-- COUNT TEXT -->\n\t\t\t\n\t\t\t<\/div>\n<div class=\"group-action\"><div class=\"shop-action\"><a href=\"#\" class=\"button yith-wcqv-button\" data-product_id=\"3131\">Vista r\u00e1pida<\/a><div class=\"opal-add-to-cart-button\"><a href=\"https:\/\/slvfrr.live-website.com\/es\/producto\/low-rise-t-shirt\" aria-describedby=\"woocommerce_loop_add_to_cart_link_describedby_3131\" data-quantity=\"1\" class=\"button product_type_variable add_to_cart_button\" data-product_id=\"3131\" data-product_sku=\"\" aria-label=\"Elige las opciones para \u201cLow rise T-shirt\u201d\" rel=\"nofollow\" data-no-translation=\"\" data-trp-gettext=\"\" data-no-translation-aria-label=\"\">Seleccionar opciones<\/a><\/div>\t<span id=\"woocommerce_loop_add_to_cart_link_describedby_3131\" class=\"screen-reader-text\">\n\t\tEste producto tiene m\u00faltiples variantes. Las opciones se pueden elegir en la p\u00e1gina de producto\t<\/span>\n<\/div><\/div><a href=\"https:\/\/slvfrr.live-website.com\/es\/producto\/low-rise-t-shirt\" class=\"woocommerce-LoopProduct-link woocommerce-loop-product__link\"><\/a><\/div><div class=\"caption\"><h3 class=\"woocommerce-loop-product__title\"><a href=\"https:\/\/slvfrr.live-website.com\/es\/producto\/low-rise-t-shirt\">Low rise T-shirt<\/a><\/h3>\n\t<span class=\"price\"><span class=\"woocommerce-Price-amount amount\"><bdi>55,00<span class=\"woocommerce-Price-currencySymbol\">\u20ac<\/span><\/bdi><\/span><\/span>\n<\/div><\/div><\/li>\n<\/ul>\n<\/div>\t\t\t\t<\/div>\n\t\t\t\t<\/div>\n\t\t\t\t\t<\/div>\n\t\t<\/div>\n\t\t\t\t\t<\/div>\n\t\t<\/section>\n\t\t\t\t<section class=\"elementor-section elementor-top-section elementor-element elementor-element-4736983 elementor-section-full_width elementor-section-height-default elementor-section-height-default\" data-id=\"4736983\" data-element_type=\"section\" data-e-type=\"section\">\n\t\t\t\t\t\t<div class=\"elementor-container elementor-column-gap-default\">\n\t\t\t\t\t<div class=\"elementor-column elementor-col-50 elementor-top-column elementor-element elementor-element-858cd28\" data-id=\"858cd28\" data-element_type=\"column\" data-e-type=\"column\">\n\t\t\t<div class=\"elementor-widget-wrap elementor-element-populated\">\n\t\t\t\t\t\t<div class=\"elementor-element elementor-element-ded66e3 elementor-widget elementor-widget-text-editor\" data-id=\"ded66e3\" data-element_type=\"widget\" data-e-type=\"widget\" data-widget_type=\"text-editor.default\">\n\t\t\t\t<div class=\"elementor-widget-container\">\n\t\t\t\t\t        <div class=\"elementor-text-editor elementor-clearfix\"><p>Camisetas gr\u00e1ficas descartadas en 'Over'. Dilo.<\/p><p>Anticipando el tema de nuestra colecci\u00f3n SS26, las Revenge T-shirts rompen con el tono conceptual para ser un poco m\u00e1s literales.\u00a0<\/p><\/div>\n        \t\t\t\t<\/div>\n\t\t\t\t<\/div>\n\t\t\t\t\t<\/div>\n\t\t<\/div>\n\t\t\t\t<div class=\"elementor-column elementor-col-50 elementor-top-column elementor-element elementor-element-4a3400f\" data-id=\"4a3400f\" data-element_type=\"column\" data-e-type=\"column\">\n\t\t\t<div class=\"elementor-widget-wrap\">\n\t\t\t\t\t\t\t<\/div>\n\t\t<\/div>\n\t\t\t\t\t<\/div>\n\t\t<\/section>\n\t\t\t\t<\/div>","protected":false},"excerpt":{"rendered":"<p>A\u00f1adir a la lista de deseos Vista r\u00e1pidaSeleccionar opciones Este producto tiene m\u00faltiples variantes. Las opciones se pueden elegir en la p\u00e1gina de producto Over T-shirt 75,00&euro; A\u00f1adir a la lista de deseos Vista r\u00e1pidaSeleccionar opciones Este producto tiene m\u00faltiples variantes. Las opciones se pueden elegir en la p\u00e1gina de producto Greyhound T-shirt 65,00&euro; A\u00f1adir &hellip; <\/p>\n<p class=\"link-more\"><a href=\"https:\/\/slvfrr.live-website.com\/es\/revenge-t-shirts\" class=\"more-link\">Read More <span class=\"screen-reader-text\"> &#8220;Revenge T-shirts&#8221;<\/span><\/a><\/p>","protected":false},"author":1,"featured_media":0,"parent":0,"menu_order":0,"comment_status":"closed","ping_status":"closed","template":"elementor_header_footer","meta":{"inline_featured_image":false,"footnotes":""},"class_list":["post-3160","page","type-page","status-publish","hentry"],"jetpack_sharing_enabled":true,"_links":{"self":[{"href":"https:\/\/slvfrr.live-website.com\/es\/wp-json\/wp\/v2\/pages\/3160","targetHints":{"allow":["GET"]}}],"collection":[{"href":"https:\/\/slvfrr.live-website.com\/es\/wp-json\/wp\/v2\/pages"}],"about":[{"href":"https:\/\/slvfrr.live-website.com\/es\/wp-json\/wp\/v2\/types\/page"}],"author":[{"embeddable":true,"href":"https:\/\/slvfrr.live-website.com\/es\/wp-json\/wp\/v2\/users\/1"}],"replies":[{"embeddable":true,"href":"https:\/\/slvfrr.live-website.com\/es\/wp-json\/wp\/v2\/comments?post=3160"}],"version-history":[{"count":10,"href":"https:\/\/slvfrr.live-website.com\/es\/wp-json\/wp\/v2\/pages\/3160\/revisions"}],"predecessor-version":[{"id":3172,"href":"https:\/\/slvfrr.live-website.com\/es\/wp-json\/wp\/v2\/pages\/3160\/revisions\/3172"}],"wp:attachment":[{"href":"https:\/\/slvfrr.live-website.com\/es\/wp-json\/wp\/v2\/media?parent=3160"}],"curies":[{"name":"wp","href":"https:\/\/api.w.org\/{rel}","templated":true}]}}