{"id":3262,"date":"2026-02-01T11:43:40","date_gmt":"2026-02-01T11:43:40","guid":{"rendered":"https:\/\/slvfrr.com\/?post_type=product&#038;p=3262"},"modified":"2026-02-03T20:00:32","modified_gmt":"2026-02-03T20:00:32","slug":"bumster-faux-leather-pants","status":"publish","type":"product","link":"https:\/\/slvfrr.live-website.com\/es\/producto\/bumster-faux-leather-pants","title":{"rendered":"Bumster Faux Leather Pants"},"content":{"rendered":"<p><span style=\"font-size: 13px;\">Tejido: 85% PU, 15% poli\u00e9ster.<\/span><\/p>\n<p><span style=\"font-size: 13px;\">Hecho en Espa\u00f1a.<\/span><\/p>\n<p><span style=\"font-size: 13px;\">\u2013 No lavar a m\u00e1quina.<br \/>\n\u2013 No usar lej\u00eda.<br \/>\n\u2013 No secar en secadora.<br \/>\n\u2013 No planchar.<br \/>\n\u2013 No lavar en seco.<br \/>\n\u2013 Lavar a mano \u00fanicamente con agua fr\u00eda o limpiar con un pa\u00f1o h\u00famedo.<\/span><\/p>","protected":false},"excerpt":{"rendered":"<p><span style=\"font-size: 13px;\">Pantal\u00f3n de polipiel de tiro ultra bajo, acampanado. Cierre delantero con cremallera.<\/span><\/p>\n<p><span style=\"font-size: 13px;\">Color: Negro.<\/span><\/p>\n<p><span style=\"font-size: 13px;\">Este art\u00edculo se produce bajo demanda. El tiempo estimado de producci\u00f3n es entre 7 y 10 d\u00edas laborales.<\/span><\/p>","protected":false},"featured_media":3268,"template":"","meta":{"inline_featured_image":false},"product_brand":[],"product_cat":[20,60],"product_tag":[],"class_list":{"0":"post-3262","1":"product","2":"type-product","3":"status-publish","4":"has-post-thumbnail","6":"product_cat-bottoms","7":"product_cat-ss26-over","8":"pa_size-l","9":"pa_size-m","10":"pa_size-s","11":"pa_size-xl","12":"pa_size-xs","14":"first","15":"instock","16":"taxable","17":"shipping-taxable","18":"purchasable","19":"product-type-variable"},"jetpack_sharing_enabled":true,"_links":{"self":[{"href":"https:\/\/slvfrr.live-website.com\/es\/wp-json\/wp\/v2\/product\/3262","targetHints":{"allow":["GET"]}}],"collection":[{"href":"https:\/\/slvfrr.live-website.com\/es\/wp-json\/wp\/v2\/product"}],"about":[{"href":"https:\/\/slvfrr.live-website.com\/es\/wp-json\/wp\/v2\/types\/product"}],"wp:featuredmedia":[{"embeddable":true,"href":"https:\/\/slvfrr.live-website.com\/es\/wp-json\/wp\/v2\/media\/3268"}],"wp:attachment":[{"href":"https:\/\/slvfrr.live-website.com\/es\/wp-json\/wp\/v2\/media?parent=3262"}],"wp:term":[{"taxonomy":"product_brand","embeddable":true,"href":"https:\/\/slvfrr.live-website.com\/es\/wp-json\/wp\/v2\/product_brand?post=3262"},{"taxonomy":"product_cat","embeddable":true,"href":"https:\/\/slvfrr.live-website.com\/es\/wp-json\/wp\/v2\/product_cat?post=3262"},{"taxonomy":"product_tag","embeddable":true,"href":"https:\/\/slvfrr.live-website.com\/es\/wp-json\/wp\/v2\/product_tag?post=3262"}],"curies":[{"name":"wp","href":"https:\/\/api.w.org\/{rel}","templated":true}]}}