{"id":3313,"date":"2026-02-01T13:14:44","date_gmt":"2026-02-01T13:14:44","guid":{"rendered":"https:\/\/slvfrr.com\/?post_type=product&#038;p=3313"},"modified":"2026-02-03T20:01:40","modified_gmt":"2026-02-03T20:01:40","slug":"black-leather-over-sized-bag","status":"publish","type":"product","link":"https:\/\/slvfrr.live-website.com\/es\/producto\/black-leather-over-sized-bag","title":{"rendered":"Black Leather Over-sized Bag"},"content":{"rendered":"<p><span style=\"font-size: 13px;\">Material exterior: 100% cuero genuino.<\/span><\/p>\n<p><span style=\"font-size: 13px;\">Hecho en Espa\u00f1a.<\/span><\/p>\n<p><span style=\"font-size: 13px;\">\u2013 No lavar.<br \/>\n\u2013 No usar lej\u00eda.<br \/>\n\u2013 No secar en secadora.<br \/>\n\u2013 No planchar.<br \/>\n\u2013 S\u00f3lo limpieza profesional de cuero.<br \/>\n\u2013 Evitar la exposici\u00f3n prolongada a la luz solar.<br \/>\n\u2013 Conservar en un lugar fresco y seco.<br \/>\n\u2013 Limpiar con un pa\u00f1o h\u00famedo.<\/span><\/p>","protected":false},"excerpt":{"rendered":"<p><span style=\"font-size: 13px;\">Maxi bolso de hombro.<\/span><\/p>\n<p><span style=\"font-size: 13px;\">Color: Negro.<\/span><\/p>\n<p><span style=\"font-size: 13px;\">Este art\u00edculo se produce bajo demanda. El tiempo estimado de producci\u00f3n es entre 7 y 10 d\u00edas laborales.<\/span><\/p>","protected":false},"featured_media":3289,"template":"","meta":{"inline_featured_image":false},"product_brand":[],"product_cat":[21,60],"product_tag":[],"class_list":{"0":"post-3313","1":"product","2":"type-product","3":"status-publish","4":"has-post-thumbnail","6":"product_cat-accessories","7":"product_cat-ss26-over","8":"pa_size-l","9":"pa_size-m","10":"pa_size-s","11":"pa_size-xl","12":"pa_size-xs","14":"first","15":"instock","16":"taxable","17":"shipping-taxable","18":"purchasable","19":"product-type-simple"},"jetpack_sharing_enabled":true,"_links":{"self":[{"href":"https:\/\/slvfrr.live-website.com\/es\/wp-json\/wp\/v2\/product\/3313","targetHints":{"allow":["GET"]}}],"collection":[{"href":"https:\/\/slvfrr.live-website.com\/es\/wp-json\/wp\/v2\/product"}],"about":[{"href":"https:\/\/slvfrr.live-website.com\/es\/wp-json\/wp\/v2\/types\/product"}],"wp:featuredmedia":[{"embeddable":true,"href":"https:\/\/slvfrr.live-website.com\/es\/wp-json\/wp\/v2\/media\/3289"}],"wp:attachment":[{"href":"https:\/\/slvfrr.live-website.com\/es\/wp-json\/wp\/v2\/media?parent=3313"}],"wp:term":[{"taxonomy":"product_brand","embeddable":true,"href":"https:\/\/slvfrr.live-website.com\/es\/wp-json\/wp\/v2\/product_brand?post=3313"},{"taxonomy":"product_cat","embeddable":true,"href":"https:\/\/slvfrr.live-website.com\/es\/wp-json\/wp\/v2\/product_cat?post=3313"},{"taxonomy":"product_tag","embeddable":true,"href":"https:\/\/slvfrr.live-website.com\/es\/wp-json\/wp\/v2\/product_tag?post=3313"}],"curies":[{"name":"wp","href":"https:\/\/api.w.org\/{rel}","templated":true}]}}