{"id":3314,"date":"2026-02-01T13:15:33","date_gmt":"2026-02-01T13:15:33","guid":{"rendered":"https:\/\/slvfrr.com\/?post_type=product&#038;p=3314"},"modified":"2026-03-25T19:52:28","modified_gmt":"2026-03-25T19:52:28","slug":"gathered-black-dress","status":"publish","type":"product","link":"https:\/\/slvfrr.live-website.com\/es\/producto\/gathered-black-dress","title":{"rendered":"Gathered Black Dress"},"content":{"rendered":"<p><span style=\"font-size: 13px;\">Tejido: 100% algod\u00f3n org\u00e1nico.<\/span><\/p>\n<p><span style=\"font-size: 13px;\">Hecho en Espa\u00f1a.<\/span><\/p>\n<p><span style=\"font-size: 13px;\">\u2013 Lavar a m\u00e1quina con agua tibia (hasta 30\u00b0C).<br \/>\n\u2013 No usar lej\u00eda.<br \/>\n\u2013 No secar en secadora.<br \/>\n\u2013 Planchar a temperatura normal (150\u00baC).<\/span><\/p>","protected":false},"excerpt":{"rendered":"<p><span style=\"font-size: 13px;\">Vestido negro de manga extra-larga con bajo fruncido. Silueta ajustada con volumen sutil en bajo y mangas. Culotte negro incluido.<\/span><\/p>\n<p><span style=\"font-size: 13px;\">Color: Negro.<\/span><\/p>\n<p><span style=\"font-size: 13px;\">Este art\u00edculo se produce bajo demanda. El tiempo estimado de producci\u00f3n es entre 7 y 10 d\u00edas laborales.<\/span><\/p>","protected":false},"featured_media":3298,"template":"","meta":{"inline_featured_image":false},"product_brand":[],"product_cat":[39,60],"product_tag":[],"class_list":{"0":"post-3314","1":"product","2":"type-product","3":"status-publish","4":"has-post-thumbnail","6":"product_cat-dresses","7":"product_cat-ss26-over","8":"pa_size-l","9":"pa_size-m","10":"pa_size-s","11":"pa_size-xl","12":"pa_size-xs","14":"first","15":"instock","16":"taxable","17":"shipping-taxable","18":"purchasable","19":"product-type-variable"},"jetpack_sharing_enabled":true,"_links":{"self":[{"href":"https:\/\/slvfrr.live-website.com\/es\/wp-json\/wp\/v2\/product\/3314","targetHints":{"allow":["GET"]}}],"collection":[{"href":"https:\/\/slvfrr.live-website.com\/es\/wp-json\/wp\/v2\/product"}],"about":[{"href":"https:\/\/slvfrr.live-website.com\/es\/wp-json\/wp\/v2\/types\/product"}],"wp:featuredmedia":[{"embeddable":true,"href":"https:\/\/slvfrr.live-website.com\/es\/wp-json\/wp\/v2\/media\/3298"}],"wp:attachment":[{"href":"https:\/\/slvfrr.live-website.com\/es\/wp-json\/wp\/v2\/media?parent=3314"}],"wp:term":[{"taxonomy":"product_brand","embeddable":true,"href":"https:\/\/slvfrr.live-website.com\/es\/wp-json\/wp\/v2\/product_brand?post=3314"},{"taxonomy":"product_cat","embeddable":true,"href":"https:\/\/slvfrr.live-website.com\/es\/wp-json\/wp\/v2\/product_cat?post=3314"},{"taxonomy":"product_tag","embeddable":true,"href":"https:\/\/slvfrr.live-website.com\/es\/wp-json\/wp\/v2\/product_tag?post=3314"}],"curies":[{"name":"wp","href":"https:\/\/api.w.org\/{rel}","templated":true}]}}