{"id":3420,"date":"2026-02-01T14:14:40","date_gmt":"2026-02-01T14:14:40","guid":{"rendered":"https:\/\/slvfrr.com\/?post_type=product&#038;p=3420"},"modified":"2026-02-03T20:01:39","modified_gmt":"2026-02-03T20:01:39","slug":"quicksand-denim-micro-shorts","status":"publish","type":"product","link":"https:\/\/slvfrr.live-website.com\/es\/producto\/quicksand-denim-micro-shorts","title":{"rendered":"Quicksand Denim Micro-Shorts"},"content":{"rendered":"<p><span style=\"font-size: 13px;\">Tejido: 100% algod\u00f3n.<\/span><\/p>\n<p><span style=\"font-size: 13px;\">Hecho en Espa\u00f1a.<\/span><\/p>\n<p><span style=\"font-size: 13px;\">\u2013 Lavar a m\u00e1quina con agua tibia (hasta 40\u00b0C).<br \/>\n\u2013 No usar lej\u00eda.<br \/>\n\u2013 Secar en secadora a baja temperatura.<br \/>\n\u2013 Planchar a alta temperatura (200\u00baC).<\/span><\/p>","protected":false},"excerpt":{"rendered":"<p><span style=\"font-size: 13px;\">Micro-shorts de denim beige minimalistas. Cierre lateral con cremallera.<\/span><\/p>\n<p><span style=\"font-size: 13px;\">Color: Beige.<\/span><\/p>\n<p><span style=\"font-size: 13px;\">Este art\u00edculo se produce bajo demanda. El tiempo estimado de producci\u00f3n es entre 7 y 10 d\u00edas laborales.<\/span><\/p>","protected":false},"featured_media":3426,"template":"","meta":{"inline_featured_image":false},"product_brand":[],"product_cat":[20,60],"product_tag":[],"class_list":{"0":"post-3420","1":"product","2":"type-product","3":"status-publish","4":"has-post-thumbnail","6":"product_cat-bottoms","7":"product_cat-ss26-over","8":"pa_size-l","9":"pa_size-m","10":"pa_size-s","11":"pa_size-xl","12":"pa_size-xs","14":"first","15":"instock","16":"taxable","17":"shipping-taxable","18":"purchasable","19":"product-type-variable"},"jetpack_sharing_enabled":true,"_links":{"self":[{"href":"https:\/\/slvfrr.live-website.com\/es\/wp-json\/wp\/v2\/product\/3420","targetHints":{"allow":["GET"]}}],"collection":[{"href":"https:\/\/slvfrr.live-website.com\/es\/wp-json\/wp\/v2\/product"}],"about":[{"href":"https:\/\/slvfrr.live-website.com\/es\/wp-json\/wp\/v2\/types\/product"}],"wp:featuredmedia":[{"embeddable":true,"href":"https:\/\/slvfrr.live-website.com\/es\/wp-json\/wp\/v2\/media\/3426"}],"wp:attachment":[{"href":"https:\/\/slvfrr.live-website.com\/es\/wp-json\/wp\/v2\/media?parent=3420"}],"wp:term":[{"taxonomy":"product_brand","embeddable":true,"href":"https:\/\/slvfrr.live-website.com\/es\/wp-json\/wp\/v2\/product_brand?post=3420"},{"taxonomy":"product_cat","embeddable":true,"href":"https:\/\/slvfrr.live-website.com\/es\/wp-json\/wp\/v2\/product_cat?post=3420"},{"taxonomy":"product_tag","embeddable":true,"href":"https:\/\/slvfrr.live-website.com\/es\/wp-json\/wp\/v2\/product_tag?post=3420"}],"curies":[{"name":"wp","href":"https:\/\/api.w.org\/{rel}","templated":true}]}}